{"id":7,"date":"2026-04-21T20:07:26","date_gmt":"2026-04-21T20:07:26","guid":{"rendered":"http:\/\/fromagesbouffetraditions.ca\/"},"modified":"2026-04-21T20:07:26","modified_gmt":"2026-04-21T20:07:26","slug":"home","status":"publish","type":"page","link":"https:\/\/www.fromagesbouffetraditions.ca\/","title":{"rendered":"Home"},"content":{"rendered":"<p><!-- Slider \n        \n\n<section class=\"slider\">\n            \n\n<div class=\"slider--box\">\n                \n\n<div class=\"slider-active\">\n                    \n\n<div class=\"single-slider slider--bg--h3 slider--height--h3 d-flex align-items-center\" data-background=\"assets\/img\/home-banner.jpg\" data-overlay=\"black-moju\" data-opacity=\"5\">\n                        \n\n<div class=\"container\">\n                            \n\n<div class=\"row align-items-center\">\n                                \n\n<div class=\"col-lg-12\">\n                                    \n\n<div class=\"slider--caption--h3 text-center\">\n                                        \n\n<div class=\"slider--text slider--text--h3\">\n                                            \n\n<p class=\"white-color fw-600 text-uppercase surtitre\" data-animation=\"fadeInDown\" data-delay=\".6s\">Direction Victoriaville<\/p>\n\n\n                                            \n\n<h1 class=\"white-color\" data-animation=\"fadeInDown\" data-delay=\".8s\">Fromages, Bouffe & Traditions de Victoriaville<\/h1>\n\n\n                                            \n\n<p class=\"white-color fw-600\">14 au 16 juin 2024 \u00e0 la V\u00e9logare du Grand-Tronc<\/p>\n\n\n                                        <\/div>\n\n\n                                    <\/div>\n\n\n                                <\/div>\n\n\n                            <\/div>\n\n\n                        <\/div>\n\n\n                        <video id=\"home-video\" playsinline autoplay muted loop>\n<source src=\"assets\/img\/fbt-victo2022.mp4\" type=\"video\/mp4\">\n<\/video>\n                    <\/div>\n\n\n                <\/div>\n\n\n            <\/div>\n\n\n        <\/section>\n\n\n--><\/p>\n<section class=\"homebanner\">\n            <img decoding=\"async\" src=\"https:\/\/www.fromagesbouffetraditions.ca\/files\/assets\/img\/bandeau-accueil-2025.jpg\" alt=\"Bandeau - \u00c9dition 2025\" class=\"img-desktop\"><br \/>\n            <img decoding=\"async\" src=\"https:\/\/www.fromagesbouffetraditions.ca\/files\/assets\/img\/bandeau-accueil-2025-mobile.jpg\" alt=\"Bandeau - \u00c9dition 2025\" class=\"img-mobile\"><br \/>\n        <\/section>\n<div class=\"horaire pt-80\">\n<h2 class=\"subtitle text-center\">Horaire<\/h2>\n<div class=\"items\">\n<div class=\"item\">\n<div class=\"header\">Vendredi<\/div>\n<div class=\"content\">\n<div class=\"pastille\">12h \u00e0 23h<\/div>\n<div class=\"text\">Acc\u00e8s <strong>GRATUIT<\/strong><\/div>\n<p>                <!--\n\n<div class=\"pastille\">17h \u00e0 23h<\/div>\n\n\n                \n\n<div class=\"text\"><strong>12$<\/strong> Sentier Gourmand et soir\u00e9e musicale<\/div>\n\n-->\n            <\/div>\n<\/p><\/div>\n<div class=\"item\">\n<div class=\"header\">Samedi<\/div>\n<div class=\"content\">\n<div class=\"pastille\">10h \u00e0 23h<\/div>\n<div class=\"text\">Acc\u00e8s <strong>GRATUIT<\/strong><\/div>\n<p>                <!--\n\n<div class=\"pastille\">17h \u00e0 23h<\/div>\n\n\n                \n\n<div class=\"text\"><strong>12$<\/strong> Sentier Gourmand et soir\u00e9e musicale<\/div>\n\n-->\n            <\/div>\n<\/p><\/div>\n<div class=\"item\">\n<div class=\"header\">Dimanche<\/div>\n<div class=\"content\">\n<div class=\"pastille\">10h \u00e0 16h<\/div>\n<div class=\"text\">Journ\u00e9e familiale <strong>gratuite<\/strong> pour tous<\/div>\n<\/p><\/div>\n<\/p><\/div>\n<\/p><\/div>\n<\/div>\n<p>        <!-- A PROPOS --><\/p>\n<section class=\"about pt-130 pb-60\">\n<div class=\"container\">\n<div class=\"row align-items-center\">\n<div class=\"col-xl-6 col-lg-6 mb-30\">\n<div class=\"about--left about--left--h2\">\n                            <img decoding=\"async\" src=\"https:\/\/www.fromagesbouffetraditions.ca\/files\/assets\/img\/home-s1.png\" alt=\"Fromages, Bouffe et Traditions\">\n                        <\/div>\n<\/p><\/div>\n<div class=\"col-xl-5 offset-xl-1 col-lg-6 mb-30\">\n<div class=\"section-title about--title\">\n                            <span class=\"fw-700 text-uppercase\">9<sup class=\"text-lowercase\">e<\/sup> \u00e9dition<\/span><\/p>\n<h2>L\u2019\u00e9v\u00e9nement gourmand et culturel de Victoriaville<\/h2>\n<\/p><\/div>\n<div class=\"about--right about--text about--text--h2\">\n<p class=\"nf052f8yu470c4yui\">Le Fromages, Bouffe &#038; Traditions de Victoriaville, c&#8217;est la rencontre d&#8217;un univers fromager et de bonne bouffe avec un monde de divertissement et de culture. Au menu : Sentier Gourmand, camions de rue, spectacles musicaux en soir\u00e9e et activit\u00e9s familiales.<\/p>\n<p class=\"nf052f8yu470c4yui\">Le rendez-vous annuel des amateurs de bonne bouffe et de culture \u00e0 Victoriaville. Du 13 au 15 juin 2025 \u00e0 la V\u00e9logare du Grand-Tronc !<\/p>\n<\/p><\/div>\n<\/p><\/div>\n<\/p><\/div>\n<\/p><\/div>\n<\/section>\n<p>        <!-- DATES --><\/p>\n<section class=\"popular--movies pt-0 pb-150 home-artistes\">\n<div class=\"container-fluid\">\n<div class=\"row d-flex justify-content-center\">\n<div class=\"col-lg-3 col-sm-6 mb-40\">\n<div class=\"project--block\">\n<div class=\"project--thumb project--thumb--two position-relative fix\">\n                                <a href=\"https:\/\/www.fromagesbouffetraditions.ca\/culturel.html\"><img decoding=\"async\" src=\"https:\/\/www.fromagesbouffetraditions.ca\/files\/assets\/img\/home-vendredi-2025.jpg\" alt=\"Vendredi\"><\/a><br \/>\n                                <span class=\"project--count\">13<\/span>\n                            <\/div>\n<div class=\"project--content--two\">\n<h4>Vendredi 13 juin 2025<\/h4>\n<p class=\"fw-600\">Ancolie \/ Guylaine Tanguay<\/p>\n<\/p><\/div>\n<\/p><\/div>\n<\/p><\/div>\n<div class=\"col-lg-3 col-sm-6 mb-40\">\n<div class=\"project--block\">\n<div class=\"project--thumb project--thumb--two position-relative fix\">\n                                <a href=\"https:\/\/www.fromagesbouffetraditions.ca\/culturel.html\"><img decoding=\"async\" src=\"https:\/\/www.fromagesbouffetraditions.ca\/files\/assets\/img\/home-samedi-2025.jpg\" alt=\"Samedi\"><\/a><br \/>\n                                <span class=\"project--count\">14<\/span>\n                            <\/div>\n<div class=\"project--content--two\">\n<h4>Samedi 14 juin 2025<\/h4>\n<p class=\"fw-600\">J\u00e9r\u00f4me 50 \/ Major Lee<\/p>\n<\/p><\/div>\n<\/p><\/div>\n<\/p><\/div>\n<div class=\"col-lg-3 col-sm-6 mb-40\">\n<div class=\"project--block\">\n<div class=\"project--thumb project--thumb--two position-relative fix\">\n                                <a href=\"https:\/\/www.fromagesbouffetraditions.ca\/culturel.html\"><img decoding=\"async\" src=\"https:\/\/www.fromagesbouffetraditions.ca\/files\/assets\/img\/home-dimanche-2025.jpg\" alt=\"Dimanche\"><\/a><br \/>\n                                <span class=\"project--count\">15<\/span>\n                            <\/div>\n<div class=\"project--content--two\">\n<h4>Dimanche 15 juin 2025<\/h4>\n<p class=\"fw-600\">Marimba cherche sa plan\u00e8te<\/p>\n<\/p><\/div>\n<\/p><\/div>\n<\/p><\/div>\n<\/p><\/div>\n<div class=\"row\">\n<div class=\"col-lg-12 text-center\">\n                        <a href=\"https:\/\/www.fromagesbouffetraditions.ca\/culturel.html#programmation\" class=\"btn btn--theme\">Voir la programmation<\/a>\n                    <\/div>\n<\/p><\/div>\n<\/p><\/div>\n<\/section>\n<p>        <!-- SENTIER GOURMAND --><\/p>\n<section class=\"timeline pt-130 pb-80 position-relative\">\n<div class=\"container\">\n<div class=\"row\">\n<div class=\"col-sm-12\">\n<div class=\"section-title text-center mb-60\">\n<h2 class=\"subtitle\">Sentier Gourmand<\/h2>\n<\/p><\/div>\n<\/p><\/div>\n<\/p><\/div>\n<div class=\"row align-items-center timeline--shape timeline--shape--left\">\n<div class=\"col-lg-5 mb-50 aos-init aos-animate\" data-aos=\"fade-right\" data-aos-easing=\"ease-in-sine\" data-aos-duration=\"9000\">\n<div class=\"timeline--thumb\">\n                            <img decoding=\"async\" src=\"https:\/\/www.fromagesbouffetraditions.ca\/files\/assets\/img\/home-fromages.png\" alt=\"Fromages &amp; producteurs locaux\">\n                        <\/div>\n<\/p><\/div>\n<div class=\"col-lg-5 mb-50 aos-init aos-animate\" data-aos=\"fade-left\" data-aos-easing=\"ease-in-sine\" data-aos-duration=\"9000\">\n<div class=\"timeline--block timeline--block--right\">\n<h3 class=\"mb-15\">Fromages &#038; produits du terroir<\/h3>\n<p class=\"mb-25\">Le savoir-faire de nos fromagers et autres producteurs agroalimentaires r\u00e9gionaux est \u00e0 l\u2019honneur tout au long de l\u2019\u00e9v\u00e9nement. Parcourez le Sentier Gourmand pour savourer les fromages fins et les produits du terroir, au gr\u00e9 de vos envies.<\/p>\n<\/p><\/div>\n<\/p><\/div>\n<\/p><\/div>\n<div class=\"row align-items-center flex-row-reverse pt-180 pb-180 timeline--shape timeline--shape--right\">\n<div class=\"col-lg-5 mb-50 aos-init aos-animate\" data-aos=\"fade-right\" data-aos-easing=\"ease-in-sine\" data-aos-duration=\"9000\">\n<div class=\"timeline--thumb\">\n                            <img decoding=\"async\" src=\"https:\/\/www.fromagesbouffetraditions.ca\/files\/assets\/img\/home-microbrasseries-2025.png\" alt=\"Vignobles, distilleries &amp; microbrasseries\">\n                        <\/div>\n<\/p><\/div>\n<div class=\"col-lg-5 mb-50 aos-init aos-animate\" data-aos=\"fade-left\" data-aos-easing=\"ease-in-sine\" data-aos-duration=\"9000\">\n<div class=\"timeline--block timeline--block--left\">\n<h3 class=\"mb-15\">Vignobles, distilleries &#038; microbrasseries <\/h3>\n<p class=\"mb-25\">Rien de mieux que du vin, de la bi\u00e8re artisanale ou un spiritueux pour accompagner les fromages fins et autres bouch\u00e9es gourmandes! Laissez-vous surprendre par les vignobles, distilleries et microbrasseries.<\/p>\n<\/p><\/div>\n<\/p><\/div>\n<\/p><\/div>\n<div class=\"row align-items-center timeline--shape\">\n<div class=\"col-lg-5 mb-50 aos-init aos-animate\" data-aos=\"fade-right\" data-aos-easing=\"ease-in-sine\" data-aos-duration=\"9000\">\n<div class=\"timeline--thumb\">\n                            <img decoding=\"async\" src=\"https:\/\/www.fromagesbouffetraditions.ca\/files\/assets\/img\/home-artisans-2025.png\" alt=\"Artisans\">\n                        <\/div>\n<\/p><\/div>\n<div class=\"col-lg-5 mb-50 aos-init aos-animate\" data-aos=\"fade-left\" data-aos-easing=\"ease-in-sine\" data-aos-duration=\"9000\">\n<div class=\"timeline--block timeline--block--right\">\n<h3 class=\"mb-15\">Artisans<\/h3>\n<p class=\"mb-25\">Votre visite au Fromages, Bouffe &#038; Traditions de Victoriaville ne saurait \u00eatre compl\u00e8te sans un arr\u00eat aux kiosques de nos talentueux artisans. De quoi ajouter \u00e0 l&#8217;ambiance unique d\u2019un march\u00e9 public et de f\u00eate foraine!<\/p>\n<\/p><\/div>\n<\/p><\/div>\n<\/p><\/div>\n<\/p><\/div>\n<\/section>\n<p>        <!-- Culturel --><\/p>\n<section class=\"gallery box pt-120 pb-100 grey-bg home-animations\">\n<div class=\"container-fluid\">\n<div class=\"row\">\n<div class=\"col-sm-12\">\n<div class=\"section-title text-center mb-60\">\n<h2 class=\"subtitle\">Animations musicales et culturelles<\/h2>\n<\/p><\/div>\n<\/p><\/div>\n<\/p><\/div>\n<div class=\"row\"><!-- \n                    \n\n<div class=\"col-lg-6 col-md-6 mb-30\">\n                        \n\n<div class=\"gallery--box--h2 position-relative\">\n                            \n\n<div class=\"gallery--thumb--h2 position-relative\">\n                                <img decoding=\"async\" src=\"assets\/img\/home-musique.jpg?v2023-02\" alt=\"Musique\">\n                            <\/div>\n\n\n                            \n\n<div class=\"gallery--content--h2\">\n                                \n\n<h3>Spectacles musicaux<\/h3>\n\n\n                                \n\n<p class=\"white-color\">Assistez aux spectacles d\u2019artistes qu\u00e9b\u00e9cois 100% francophone et de talent: Brigitte Boisjoli, Alain Fran\u00e7ois, Hommage \u00e0 Bob Bissonnette - Bob Gorg\u00e9e, Martin Deschamps et France D'Amour.<\/p>\n\n\n                            <\/div>\n\n\n                        <\/div>\n\n\n                    <\/div>\n\n\n                    \n\n<div class=\"col-lg-6 col-md-6 mb-30\">\n                        \n\n<div class=\"gallery--box--h2 position-relative\">\n                            \n\n<div class=\"gallery--thumb--h2 position-relative\">\n                                <img decoding=\"async\" src=\"assets\/img\/home-sourciere.png\" alt=\"Th\u00e9\u00e2tre\">\n                            <\/div>\n\n\n                            \n\n<div class=\"gallery--content--h2\">\n                                \n\n<h3>Nancy Meigs - La sourci\u00e8re<\/h3>\n\n\n                                \n\n<p class=\"white-color\">Apprendre \u00e0 faire un paneer (panir) \u00e0 la maison. (fromage frais \u00e0 base de lait de bufflonne)<\/p>\n\n\n                                \n\n<p class=\"white-color\">\n                                    <strong>Dimance, le 16 juin 11h<\/strong><br class=\"nf052f8yu470c4yui\">\n                                    Activit\u00e9 <u>gratuite<\/u> sous chapiteau Parc de la V\u00e9logare.\n                                <\/p>\n\n\n                            <\/div>\n\n\n                        <\/div>\n\n\n                    <\/div>\n\n\n                     --><\/p>\n<div class=\"col-lg-6 col-md-6 mb-30\">\n<div class=\"gallery--box--h2 position-relative\">\n<div class=\"gallery--thumb--h2 position-relative\">\n                                <img decoding=\"async\" src=\"https:\/\/www.fromagesbouffetraditions.ca\/files\/assets\/img\/home-familiales_v2.jpg\" alt=\"Activit\u00e9s familiales \/ Steampunk\">\n                            <\/div>\n<div class=\"gallery--content--h2\">\n<h3>Activit\u00e9s familiales \/ Steampunk<\/h3>\n<p class=\"white-color\">Le Steampunk est un genre de science-fiction servant \u00e0 revisiter le pass\u00e9 de mani\u00e8re tout \u00e0 fait originale. Les sp\u00e9cialistes \u00e9voquent souvent Jules Verne et le Steampunk pour expliquer facilement le concept. L\u2019approche associ\u00e9e \u00e0 ce concept fait comme si le futur y \u00e9tait survenu plus t\u00f4t.<\/p>\n<p>                                <a href=\"https:\/\/www.fromagesbouffetraditions.ca\/culturel.html\" class=\"btn btn--theme\">D\u00e9couvrir la zone familiale <\/a>\n                            <\/div>\n<\/p><\/div>\n<\/p><\/div>\n<div class=\"col-lg-6 col-md-6 mb-30\">\n<div class=\"gallery--box--h2 position-relative\">\n<div class=\"gallery--thumb--h2 position-relative\">\n                                <img decoding=\"async\" src=\"https:\/\/www.fromagesbouffetraditions.ca\/files\/assets\/img\/home-piquenique_v4.jpg\" alt=\"Grand pique-nique Victorien-Steampunk\">\n                            <\/div>\n<div class=\"gallery--content--h2\">\n<h3>Grand pique-nique Victorien-Steampunk<\/h3>\n<p class=\"white-color\">Un pique-nique en famille, ou entre amis, est probablement l&#8217;une des meilleures mani\u00e8res de c\u00e9l\u00e9brer le retour des beaux jours et de profiter de ce moment champ\u00eatre pour souligner la F\u00eate des P\u00e8res ! Durant le pique-nique, les animations par Steampunk Montr\u00e9al.<\/p>\n<\/p><\/div>\n<\/p><\/div>\n<\/p><\/div>\n<\/p><\/div>\n<\/p><\/div>\n<\/section>\n<p>        <!-- PARTENAIRES MAJEURS --><\/p>\n<section class=\"partenairesMajeurs history pt-125 pb-120 fix\">\n<div class=\"container\">\n<div class=\"row\">\n<div class=\"col-sm-12\">\n<div class=\"section-title text-center mb-60\">\n                            <span class=\"fw-700 text-uppercase\">Merci \u00e0<\/span><\/p>\n<h2>Nos partenaires<\/h2>\n<\/p><\/div>\n<\/p><\/div>\n<\/p><\/div>\n<div class=\"row justify-content-center align-items-center\">\n<div class=\"col-lg-3 col-md-6\">\n<div class=\"sponsor--single\">\n            <a href=\"https:\/\/www.desjardins.com\/\" target=\"_blank\"><img decoding=\"async\" src=\"https:\/\/www.fromagesbouffetraditions.ca\/files\/assets\/img\/partenaires\/desjardins.jpg\" alt=\"Desjardins\"><\/a>\n        <\/div>\n<\/p><\/div>\n<div class=\"col-lg-3 col-md-6\">\n<div class=\"sponsor--single\">\n            <a href=\"https:\/\/www.victoriaville.ca\/\" target=\"_blank\"><img decoding=\"async\" src=\"https:\/\/www.fromagesbouffetraditions.ca\/files\/assets\/img\/partenaires\/ville-victo_v3.png\" alt=\"Ville de Victoriaville\"><\/a>\n        <\/div>\n<\/p><\/div>\n<div class=\"col-lg-3 col-md-6\">\n<div class=\"sponsor--single\">\n            <a href=\"https:\/\/www.quebec.ca\/\" target=\"_blank\"><img decoding=\"async\" src=\"https:\/\/www.fromagesbouffetraditions.ca\/files\/assets\/img\/partenaires\/quebec.png\" alt=\"Qu\u00e9bec\"><\/a>\n        <\/div>\n<\/p><\/div>\n<p>    <!--\n\n<div class=\"col-lg-3 col-md-6\">\n        \n\n<div class=\"sponsor--single\">\n            <a href=\"https:\/\/www.saq.com\/\" target=\"_blank\"><img decoding=\"async\" src=\"assets\/img\/partenaires\/saq.jpg?v3\" alt=\"SAQ\"><\/a>\n        <\/div>\n\n\n    <\/div>\n\n--><\/p>\n<div class=\"col-lg-3 col-md-6\">\n<div class=\"sponsor--single\">\n            <a href=\"https:\/\/www.tourismecentreduquebec.com\/fr\/index.aspx\" target=\"_blank\"><img decoding=\"async\" src=\"https:\/\/www.fromagesbouffetraditions.ca\/files\/assets\/img\/partenaires\/tourisme-cdq.jpg\" alt=\"Tourisme Centre-du-Qu\u00e9bec\"><\/a>\n        <\/div>\n<\/p><\/div>\n<div class=\"col-lg-3 col-md-6\">\n<div class=\"sponsor--single\">\n            <a href=\"http:\/\/tourismeregionvictoriaville.com\/\" target=\"_blank\"><img decoding=\"async\" src=\"https:\/\/www.fromagesbouffetraditions.ca\/files\/assets\/img\/partenaires\/tourisme-victo.png\" alt=\"Tourisme Victoriaville et sa r\u00e9gion\"><\/a>\n        <\/div>\n<\/p><\/div>\n<div class=\"col-lg-3 col-md-6\">\n<div class=\"sponsor--single\">\n            <a href=\"https:\/\/dgmsonorisation.com\/\" target=\"_blank\"><img decoding=\"async\" src=\"https:\/\/www.fromagesbouffetraditions.ca\/files\/assets\/img\/partenaires\/dgm.jpg\" alt=\"DGM Sonorisation\"><\/a>\n        <\/div>\n<\/p><\/div>\n<div class=\"col-lg-3 col-md-6\">\n<div class=\"sponsor--single\">\n            <a href=\"https:\/\/www.cascades.com\/fr\" target=\"_blank\"><img decoding=\"async\" src=\"https:\/\/www.fromagesbouffetraditions.ca\/files\/assets\/img\/partenaires\/cascades_v2.jpg\" alt=\"Cascades\"><\/a>\n        <\/div>\n<\/p><\/div>\n<div class=\"col-lg-3 col-md-6\">\n<div class=\"sponsor--single\">\n            <a href=\"https:\/\/lactalis.ca\/\" target=\"_blank\"><img decoding=\"async\" src=\"https:\/\/www.fromagesbouffetraditions.ca\/files\/assets\/img\/partenaires\/lactalis.jpg\" alt=\"Lactalis\"><\/a>\n        <\/div>\n<\/p><\/div>\n<div class=\"col-lg-3 col-md-6\">\n<div class=\"sponsor--single\">\n            <a href=\"https:\/\/www.vivaco.coop\/\" target=\"_blank\"><img decoding=\"async\" src=\"https:\/\/www.fromagesbouffetraditions.ca\/files\/assets\/img\/partenaires\/vivaco.png\" alt=\"Vivaco\"><\/a>\n        <\/div>\n<\/p><\/div>\n<div class=\"col-lg-3 col-md-6\">\n<div class=\"sponsor--single\">\n            <a href=\"https:\/\/citeimmobilier.com\/accueil\" target=\"_blank\"><img decoding=\"async\" src=\"https:\/\/www.fromagesbouffetraditions.ca\/files\/assets\/img\/partenaires\/cite-immobilier.png\" alt=\"Cit\u00e9 immobilier\"><\/a>\n        <\/div>\n<\/p><\/div>\n<div class=\"col-lg-3 col-md-6\">\n<div class=\"sponsor--single\">\n            <a href=\"https:\/\/erableduquebec.ca\/\" target=\"_blank\"><img decoding=\"async\" src=\"https:\/\/www.fromagesbouffetraditions.ca\/files\/assets\/img\/partenaires\/erable-quebec.png\" alt=\"\u00c9rable du Qu\u00e9bec\"><\/a>\n        <\/div>\n<\/p><\/div>\n<p>    <!--\n\n<div class=\"col-lg-3 col-md-6\">\n        \n\n<div class=\"sponsor--single\">\n            <a href=\"https:\/\/lait.org\/notre-organisation\/portrait-production-laitiere-au-quebec\/portrait-centre-du-quebec\/\" target=\"_blank\"><img decoding=\"async\" src=\"assets\/img\/partenaires\/producteurs-lait-cdq.png\" alt=\"Les Producteurs de lait du Centre-du-Qu\u00e9bec\"><\/a>\n        <\/div>\n\n\n    <\/div>\n\n-->\n<\/div>\n<div class=\"row justify-content-center align-items-center\">\n<div class=\"col-lg-6\">\n        <video width=\"100%\" controls><source src=\"https:\/\/www.fromagesbouffetraditions.ca\/files\/assets\/files\/tourisme-quebec.mp4\" type=\"video\/mp4\">Your browser does not support the video tag.<\/video>\n    <\/div>\n<\/div><\/div>\n<\/section>\n","protected":false,"raw":""},"excerpt":{"rendered":"<p>Horaire Vendredi 12h \u00e0 23h Acc\u00e8s GRATUIT Samedi 10h [&hellip;]<\/p>\n","protected":false},"author":0,"featured_media":0,"parent":0,"menu_order":0,"comment_status":"closed","ping_status":"closed","template":"","meta":{"footnotes":""},"class_list":["post-7","page","type-page","status-publish","hentry"],"yoast_head":"<!-- This site is optimized with the Yoast SEO plugin v24.2 - https:\/\/yoast.com\/wordpress\/plugins\/seo\/ -->\n<title>Fromages, Bouffe &amp; Traditions de Victoriaville | 13 au 15 juin 2025<\/title>\n<meta name=\"description\" content=\"L&#039;\u00e9v\u00e9nement gourmand et culturel de Victoriaville : Sentier Gourmand, food trucks, spectacles musicaux et animations familiales \u00e0 la V\u00e9logare.\" \/>\n<meta name=\"robots\" content=\"index, follow, max-snippet:-1, max-image-preview:large, max-video-preview:-1\" \/>\n<link rel=\"canonical\" href=\"https:\/\/www.fromagesbouffetraditions.ca\/\" \/>\n<meta property=\"og:type\" content=\"article\" \/>\n<meta property=\"og:title\" content=\"Fromages, Bouffe &amp; Traditions de Victoriaville | 13 au 15 juin 2025\" \/>\n<meta property=\"og:description\" content=\"L&#039;\u00e9v\u00e9nement gourmand et culturel de Victoriaville : Sentier Gourmand, food trucks, spectacles musicaux et animations familiales \u00e0 la V\u00e9logare.\" \/>\n<meta property=\"og:url\" content=\"https:\/\/www.fromagesbouffetraditions.ca\/\" \/>\n<meta property=\"og:site_name\" content=\"Fromages, Bouffe &amp; Traditions de Victoriaville | 13 au 15 juin 2025\" \/>\n<meta name=\"twitter:card\" content=\"summary_large_image\" \/>\n<meta name=\"twitter:label1\" content=\"Est. reading time\" \/>\n\t<meta name=\"twitter:data1\" content=\"2 minutes\" \/>\n<!-- \/ Yoast SEO plugin. -->","yoast_head_json":{"title":"Fromages, Bouffe & Traditions de Victoriaville | 13 au 15 juin 2025","description":"L'\u00e9v\u00e9nement gourmand et culturel de Victoriaville : Sentier Gourmand, food trucks, spectacles musicaux et animations familiales \u00e0 la V\u00e9logare.","robots":{"index":"index","follow":"follow","max-snippet":"max-snippet:-1","max-image-preview":"max-image-preview:large","max-video-preview":"max-video-preview:-1"},"canonical":"https:\/\/www.fromagesbouffetraditions.ca\/","og_type":"article","og_title":"Fromages, Bouffe & Traditions de Victoriaville | 13 au 15 juin 2025","og_description":"L'\u00e9v\u00e9nement gourmand et culturel de Victoriaville : Sentier Gourmand, food trucks, spectacles musicaux et animations familiales \u00e0 la V\u00e9logare.","og_url":"https:\/\/www.fromagesbouffetraditions.ca\/","og_site_name":"Fromages, Bouffe &amp; Traditions de Victoriaville | 13 au 15 juin 2025","twitter_card":"summary_large_image","twitter_misc":{"Est. reading time":"2 minutes"}},"_links":{"self":[{"href":"https:\/\/www.fromagesbouffetraditions.ca\/wp-json\/wp\/v2\/pages\/7","targetHints":{"allow":["GET"]}}],"collection":[{"href":"https:\/\/www.fromagesbouffetraditions.ca\/wp-json\/wp\/v2\/pages"}],"about":[{"href":"https:\/\/www.fromagesbouffetraditions.ca\/wp-json\/wp\/v2\/types\/page"}],"replies":[{"embeddable":true,"href":"https:\/\/www.fromagesbouffetraditions.ca\/wp-json\/wp\/v2\/comments?post=7"}],"version-history":[{"count":0,"href":"https:\/\/www.fromagesbouffetraditions.ca\/wp-json\/wp\/v2\/pages\/7\/revisions"}],"wp:attachment":[{"href":"https:\/\/www.fromagesbouffetraditions.ca\/wp-json\/wp\/v2\/media?parent=7"}],"curies":[{"name":"wp","href":"https:\/\/api.w.org\/{rel}","templated":true}]}}